{"id":28,"date":"2022-02-02T11:09:02","date_gmt":"2022-02-02T11:09:02","guid":{"rendered":"https:\/\/jaspilite.com\/?page_id=28"},"modified":"2024-01-24T11:33:01","modified_gmt":"2024-01-24T11:33:01","slug":"disclaimer-disclosure-policy","status":"publish","type":"page","link":"https:\/\/www.jaspilite.com\/es\/disclaimer-disclosure-policy\/","title":{"rendered":"Descargo de responsabilidad y pol\u00edtica de divulgaci\u00f3n"},"content":{"rendered":"<header>\n<div class=\"page-header\">\n<div class=\"page-title post-title is-size-1\">\n<h2 id=\"tw-target-text\" class=\"tw-data-text tw-text-large tw-ta\" dir=\"ltr\" style=\"text-align: left;\" data-placeholder=\"Translation\" data-ved=\"2ahUKEwiPtq661PWDAxWdpFYBHfosAeYQ3ewLegQIBRAQ\"><span id=\"descargo-de-responsabilidad-de-la-ftc\"><span class=\"Y2IQFc\" lang=\"es\">Descargo de responsabilidad de la FTC <\/span><\/span><\/h2>\n<p class=\"tw-data-text tw-text-large tw-ta\" dir=\"ltr\" style=\"text-align: left;\" data-placeholder=\"Translation\" data-ved=\"2ahUKEwiPtq661PWDAxWdpFYBHfosAeYQ3ewLegQIBRAQ\"><span class=\"Y2IQFc\" lang=\"es\">La informaci\u00f3n incluida en este sitio web est\u00e1 destinada \u00fanicamente a fines expresamente educativos. Los consejos, ideas y opiniones expresados \u200b\u200ben \u00e9l no deben sustituir el consejo genuino de un profesional m\u00e9dico. Aunque los autores y editores han hecho todo lo posible para garantizar que la informaci\u00f3n contenida en este sitio web sea precisa, la naturaleza de la teor\u00eda cient\u00edfica y el an\u00e1lisis de suplementos implican fluctuaciones y cambios. Por lo tanto, no podemos garantizar la total exactitud de los datos incluidos en este sitio web. Como resultado, ni los autores ni los editores de este sitio web deben ser considerados responsables de cualquier material omitido, incompleto o fechado. Adem\u00e1s, los autores de este sitio web no ser\u00e1n responsables de situaciones en las que el lector obtenga resultados diferentes del uso de un producto qu\u00edmico a los descritos en las gu\u00edas. Debido a que las variables externas y los factores individuales a menudo pueden cambiar la efectividad de cualquier suplemento, los resultados pueden variar.<\/span><\/p>\n<h3 id=\"tw-target-text\" class=\"tw-data-text tw-text-large tw-ta\" dir=\"ltr\" style=\"text-align: left;\" data-placeholder=\"Translation\" data-ved=\"2ahUKEwiFl-GQ9vWDAxVKl1YBHVCJDGIQ3ewLegQIBRAQ\"><span id=\"descargo-de-responsabilidad\"><span class=\"Y2IQFc\" lang=\"es\">Descargo de responsabilidad:<\/span><\/span><\/h3>\n<p class=\"tw-data-text tw-text-large tw-ta\" dir=\"ltr\" style=\"text-align: left;\" data-placeholder=\"Translation\" data-ved=\"2ahUKEwiFl-GQ9vWDAxVKl1YBHVCJDGIQ3ewLegQIBRAQ\"><span class=\"Y2IQFc\" lang=\"es\">Al leer este sitio web, usted asume todos los riesgos asociados con el uso de los consejos, datos y sugerencias brindados, con el pleno entendimiento de que usted, el \u00fanico, es responsable de cualquier cosa que pueda ocurrir como resultado de poner en pr\u00e1ctica esta informaci\u00f3n de cualquier manera. independientemente de su interpretaci\u00f3n del consejo.<\/span><\/p>\n<h3 id=\"tw-target-text\" class=\"tw-data-text tw-text-large tw-ta\" dir=\"ltr\" style=\"text-align: left;\" data-placeholder=\"Translation\" data-ved=\"2ahUKEwiFl-GQ9vWDAxVKl1YBHVCJDGIQ3ewLegQIBRAQ\"><span id=\"descargo-de-responsabilidad-legal-y-declaracion-de-responsabilidad\"><span class=\"Y2IQFc\" lang=\"es\">Descargo de responsabilidad legal y declaraci\u00f3n de responsabilidad:<\/span><\/span><\/h3>\n<p class=\"tw-data-text tw-text-large tw-ta\" dir=\"ltr\" style=\"text-align: left;\" data-placeholder=\"Translation\" data-ved=\"2ahUKEwiFl-GQ9vWDAxVKl1YBHVCJDGIQ3ewLegQIBRAQ\"><span class=\"Y2IQFc\" lang=\"es\">Este es un sitio web que sirve para proporcionar an\u00e1lisis, gu\u00edas y rese\u00f1as completos de los suplementos m\u00e1s populares que se comercializan en todo el mundo. Debido al mayor consumo y riesgo de consumir suplementos en 2017, se ha vuelto pertinente que nosotros, como organizaci\u00f3n, dejemos en claro nuestras opiniones, obligaciones y responsabilidades legales.<\/span><\/p>\n<p id=\"tw-target-text\" class=\"tw-data-text tw-text-large tw-ta\" dir=\"ltr\" style=\"text-align: left;\" data-placeholder=\"Translation\" data-ved=\"2ahUKEwiFl-GQ9vWDAxVKl1YBHVCJDGIQ3ewLegQIBRAQ\"><span class=\"Y2IQFc\" lang=\"es\">La naturaleza del negocio en el que estamos, el de educar a la gente, requiere que nuestros lectores comprendan no s\u00f3lo lo que hacemos, sino tambi\u00e9n c\u00f3mo ese deber encaja en el \u00e1mbito m\u00e1s amplio del derecho estadounidense e internacional en su conjunto. Como tal, esta gu\u00eda describir\u00e1 las obligaciones, declaraciones y responsabilidades legales de este sitio web.<\/span><\/p>\n<h3 id=\"tw-target-text\" class=\"tw-data-text tw-text-large tw-ta\" dir=\"ltr\" style=\"text-align: left;\" data-placeholder=\"Translation\" data-ved=\"2ahUKEwiFl-GQ9vWDAxVKl1YBHVCJDGIQ3ewLegQIBRAQ\"><span id=\"divulgacion-de-afiliados\"><span class=\"Y2IQFc\" lang=\"es\">Divulgaci\u00f3n de afiliados<\/span><\/span><\/h3>\n<p class=\"tw-data-text tw-text-large tw-ta\" dir=\"ltr\" style=\"text-align: left;\" data-placeholder=\"Translation\" data-ved=\"2ahUKEwiFl-GQ9vWDAxVKl1YBHVCJDGIQ3ewLegQIBRAQ\"><span class=\"Y2IQFc\" lang=\"es\">Con la esperanza de cumplir con las pautas de la FTC, queremos que est\u00e9 consciente y asuma lo siguiente sobre los anuncios y enlaces de publicaciones de productos en este sitio:<\/span><\/p>\n<p id=\"tw-target-text\" class=\"tw-data-text tw-text-large tw-ta\" dir=\"ltr\" style=\"text-align: left;\" data-placeholder=\"Translation\" data-ved=\"2ahUKEwiFl-GQ9vWDAxVKl1YBHVCJDGIQ3ewLegQIBRAQ\"><span class=\"Y2IQFc\" lang=\"es\">Cualquiera o todos los enlaces en este sitio web (la mayor\u00eda de nuestros enlaces son internos para agregar valor de b\u00fasqueda al producto\/beneficio dado) son enlaces de afiliados por los cuales podemos recibir una peque\u00f1a comisi\u00f3n por las ventas de ciertos art\u00edculos (el precio seguir\u00e1 siendo el mismo para t\u00fa). <\/span><\/p>\n<p class=\"tw-data-text tw-text-large tw-ta\" dir=\"ltr\" style=\"text-align: left;\" data-placeholder=\"Translation\" data-ved=\"2ahUKEwiFl-GQ9vWDAxVKl1YBHVCJDGIQ3ewLegQIBRAQ\"><span class=\"Y2IQFc\" lang=\"es\">Administrar un sitio tiene sus costos asociados y requisitos de alojamiento; para mantenerlo, estos anuncios y enlaces de afiliados son una forma de compensar estos costos. Para todos los enlaces de afiliados a un producto (no ofrecemos ning\u00fan producto directamente), es algo que hemos utilizado o investigado, y apoyamos o recomendamos incluso sin compensaci\u00f3n.<\/span><\/p>\n<p id=\"tw-target-text\" class=\"tw-data-text tw-text-large tw-ta\" dir=\"ltr\" style=\"text-align: left;\" data-placeholder=\"Translation\" data-ved=\"2ahUKEwiFl-GQ9vWDAxVKl1YBHVCJDGIQ3ewLegQIBRAQ\"><span class=\"Y2IQFc\" lang=\"es\">Descubrir\u00e1 que gran parte de nuestro contenido se centra en la salud y el bienestar general, pero est\u00e9 atento a todo lo que parezca que podr\u00eda mejorar o resaltar una soluci\u00f3n para una mejor vida y calidad de ser. <\/span><\/p>\n<p class=\"tw-data-text tw-text-large tw-ta\" dir=\"ltr\" style=\"text-align: left;\" data-placeholder=\"Translation\" data-ved=\"2ahUKEwiFl-GQ9vWDAxVKl1YBHVCJDGIQ3ewLegQIBRAQ\"><span class=\"Y2IQFc\" lang=\"es\">Para lograr una transparencia total, es posible que hayamos colocado anuncios en la parte superior, en la barra lateral, en el contenido y en la parte inferior de los art\u00edculos. Hacemos todo lo posible para brindarles a todos y cada uno de nuestros valiosos visitantes virtuales una mejor respuesta que antes de visitarnos.<\/span><\/p>\n<p id=\"tw-target-text\" class=\"tw-data-text tw-text-large tw-ta\" dir=\"ltr\" style=\"text-align: left;\" data-placeholder=\"Translation\" data-ved=\"2ahUKEwiFl-GQ9vWDAxVKl1YBHVCJDGIQ3ewLegQIBRAQ\"><span class=\"Y2IQFc\" lang=\"es\">La calidad siempre ha sido nuestra prioridad, por eso queremos operar de manera \u00f3ptima con total transparencia sobre nuestro modelo de publicidad e ingresos. Comun\u00edquese con nosotros y h\u00e1ganos saber c\u00f3mo mejorar.<\/span><\/p>\n<p class=\"tw-data-text tw-text-large tw-ta\" dir=\"ltr\" style=\"text-align: left;\" data-placeholder=\"Translation\" data-ved=\"2ahUKEwiFl-GQ9vWDAxVKl1YBHVCJDGIQ3ewLegQIBRAQ\"><span class=\"Y2IQFc\" lang=\"es\"> Estamos aqu\u00ed para ayudar a servir (y proteger) su salud y bienestar brindando una manera para que las personas compartan experiencias o hagan preguntas sobre una amplia gama de productos pr\u00e1cticos y soluciones que mejoran la vida.<\/span><\/p>\n<\/div>\n<\/div>\n<\/header>\n","protected":false},"excerpt":{"rendered":"<p>Descargo de responsabilidad de la FTC La informaci\u00f3n incluida en este sitio web est\u00e1 destinada \u00fanicamente a fines expresamente educativos. Los consejos, ideas y opiniones expresados \u200b\u200ben \u00e9l no deben&hellip;<\/p>\n","protected":false},"author":1,"featured_media":0,"parent":0,"menu_order":0,"comment_status":"closed","ping_status":"closed","template":"","meta":{"footnotes":""},"class_list":["post-28","page","type-page","status-publish"],"_links":{"self":[{"href":"https:\/\/www.jaspilite.com\/es\/wp-json\/wp\/v2\/pages\/28","targetHints":{"allow":["GET"]}}],"collection":[{"href":"https:\/\/www.jaspilite.com\/es\/wp-json\/wp\/v2\/pages"}],"about":[{"href":"https:\/\/www.jaspilite.com\/es\/wp-json\/wp\/v2\/types\/page"}],"author":[{"embeddable":true,"href":"https:\/\/www.jaspilite.com\/es\/wp-json\/wp\/v2\/users\/1"}],"replies":[{"embeddable":true,"href":"https:\/\/www.jaspilite.com\/es\/wp-json\/wp\/v2\/comments?post=28"}],"version-history":[{"count":6,"href":"https:\/\/www.jaspilite.com\/es\/wp-json\/wp\/v2\/pages\/28\/revisions"}],"predecessor-version":[{"id":464,"href":"https:\/\/www.jaspilite.com\/es\/wp-json\/wp\/v2\/pages\/28\/revisions\/464"}],"wp:attachment":[{"href":"https:\/\/www.jaspilite.com\/es\/wp-json\/wp\/v2\/media?parent=28"}],"curies":[{"name":"wp","href":"https:\/\/api.w.org\/{rel}","templated":true}]}}